{"id":6573,"date":"2020-07-22T15:53:20","date_gmt":"2020-07-22T18:53:20","guid":{"rendered":"http:\/\/wp-paris-paris.test\/?product=la-pasionaria-sales-de-bano-melon-y-jazmin"},"modified":"2025-11-08T18:08:43","modified_gmt":"2025-11-08T21:08:43","slug":"la-pasionaria-sales-de-bano-melon-y-jazmin","status":"publish","type":"product","link":"https:\/\/parisparis.movilizame.com.ar\/?product=la-pasionaria-sales-de-bano-melon-y-jazmin","title":{"rendered":"LA PASIONARIA &#8211; Sales de Ba\u00f1o Mel\u00f3n y Jazm\u00edn"},"content":{"rendered":"<p>Sales de ba\u00f1o 250 grs. | Mel\u00f3n y Jazm\u00edn<br \/>\nFrutas, hierbas y flores. Un equilibrio perfecto, ingredientes naturales y frescos, notas puras y claras formuladas para limpiar, nutrir, suavizar, proteger y perfumar la piel.<\/p>\n","protected":false},"excerpt":{"rendered":"<p>Sales de ba\u00f1o 250 grs. | Mel\u00f3n y Jazm\u00edn Frutas, hierbas y flores. Un equilibrio perfecto, ingredientes naturales y frescos,&#8230;<\/p>\n","protected":false},"featured_media":7479,"comment_status":"open","ping_status":"closed","template":"","meta":[],"product_brand":[1483],"product_cat":[],"product_tag":[],"class_list":{"0":"post-6573","1":"product","2":"type-product","3":"status-publish","4":"has-post-thumbnail","6":"product_brand-la-pasionaria","8":"first","9":"instock","10":"shipping-taxable","11":"purchasable","12":"product-type-simple"},"_links":{"self":[{"href":"https:\/\/parisparis.movilizame.com.ar\/index.php?rest_route=\/wp\/v2\/product\/6573","targetHints":{"allow":["GET"]}}],"collection":[{"href":"https:\/\/parisparis.movilizame.com.ar\/index.php?rest_route=\/wp\/v2\/product"}],"about":[{"href":"https:\/\/parisparis.movilizame.com.ar\/index.php?rest_route=\/wp\/v2\/types\/product"}],"replies":[{"embeddable":true,"href":"https:\/\/parisparis.movilizame.com.ar\/index.php?rest_route=%2Fwp%2Fv2%2Fcomments&post=6573"}],"wp:featuredmedia":[{"embeddable":true,"href":"https:\/\/parisparis.movilizame.com.ar\/index.php?rest_route=\/wp\/v2\/media\/7479"}],"wp:attachment":[{"href":"https:\/\/parisparis.movilizame.com.ar\/index.php?rest_route=%2Fwp%2Fv2%2Fmedia&parent=6573"}],"wp:term":[{"taxonomy":"product_brand","embeddable":true,"href":"https:\/\/parisparis.movilizame.com.ar\/index.php?rest_route=%2Fwp%2Fv2%2Fproduct_brand&post=6573"},{"taxonomy":"product_cat","embeddable":true,"href":"https:\/\/parisparis.movilizame.com.ar\/index.php?rest_route=%2Fwp%2Fv2%2Fproduct_cat&post=6573"},{"taxonomy":"product_tag","embeddable":true,"href":"https:\/\/parisparis.movilizame.com.ar\/index.php?rest_route=%2Fwp%2Fv2%2Fproduct_tag&post=6573"}],"curies":[{"name":"wp","href":"https:\/\/api.w.org\/{rel}","templated":true}]}}