{"id":6558,"date":"2020-07-02T15:00:43","date_gmt":"2020-07-02T18:00:43","guid":{"rendered":"http:\/\/wp-paris-paris.test\/?product=prune-ii-edp-x-50-ml"},"modified":"2025-11-08T18:12:24","modified_gmt":"2025-11-08T21:12:24","slug":"prune-ii-edp-x-50-ml","status":"publish","type":"product","link":"https:\/\/parisparis.movilizame.com.ar\/?product=prune-ii-edp-x-50-ml","title":{"rendered":"PRUNE &#8211; II EDP 50 ML"},"content":{"rendered":"<p>Notas de lim\u00f3n, menta y pimienta, armonizan con jazm\u00edn, muguet, orqu\u00ed\u00addea, lirio de Florencia y coronan en \u00e1mbar, maderas y musk.<\/p>\n","protected":false},"excerpt":{"rendered":"<p>Notas de lim\u00f3n, menta y pimienta, armonizan con jazm\u00edn, muguet, orqu\u00ed\u00addea, lirio de Florencia y coronan en \u00e1mbar, maderas y&#8230;<\/p>\n","protected":false},"featured_media":7465,"comment_status":"open","ping_status":"closed","template":"","meta":[],"product_brand":[1495],"product_cat":[],"product_tag":[],"class_list":{"0":"post-6558","1":"product","2":"type-product","3":"status-publish","4":"has-post-thumbnail","6":"product_brand-prune","8":"first","9":"instock","10":"shipping-taxable","11":"purchasable","12":"product-type-simple"},"_links":{"self":[{"href":"https:\/\/parisparis.movilizame.com.ar\/index.php?rest_route=\/wp\/v2\/product\/6558","targetHints":{"allow":["GET"]}}],"collection":[{"href":"https:\/\/parisparis.movilizame.com.ar\/index.php?rest_route=\/wp\/v2\/product"}],"about":[{"href":"https:\/\/parisparis.movilizame.com.ar\/index.php?rest_route=\/wp\/v2\/types\/product"}],"replies":[{"embeddable":true,"href":"https:\/\/parisparis.movilizame.com.ar\/index.php?rest_route=%2Fwp%2Fv2%2Fcomments&post=6558"}],"wp:featuredmedia":[{"embeddable":true,"href":"https:\/\/parisparis.movilizame.com.ar\/index.php?rest_route=\/wp\/v2\/media\/7465"}],"wp:attachment":[{"href":"https:\/\/parisparis.movilizame.com.ar\/index.php?rest_route=%2Fwp%2Fv2%2Fmedia&parent=6558"}],"wp:term":[{"taxonomy":"product_brand","embeddable":true,"href":"https:\/\/parisparis.movilizame.com.ar\/index.php?rest_route=%2Fwp%2Fv2%2Fproduct_brand&post=6558"},{"taxonomy":"product_cat","embeddable":true,"href":"https:\/\/parisparis.movilizame.com.ar\/index.php?rest_route=%2Fwp%2Fv2%2Fproduct_cat&post=6558"},{"taxonomy":"product_tag","embeddable":true,"href":"https:\/\/parisparis.movilizame.com.ar\/index.php?rest_route=%2Fwp%2Fv2%2Fproduct_tag&post=6558"}],"curies":[{"name":"wp","href":"https:\/\/api.w.org\/{rel}","templated":true}]}}