{"id":6533,"date":"2020-06-23T21:21:13","date_gmt":"2020-06-24T00:21:13","guid":{"rendered":"http:\/\/wp-paris-paris.test\/?product=jeanne-arthes-acqua-edt-x100ml-x-100-ml"},"modified":"2025-11-18T11:13:03","modified_gmt":"2025-11-18T14:13:03","slug":"jeanne-arthes-acqua-edt-x100ml-x-100-ml","status":"publish","type":"product","link":"https:\/\/parisparis.movilizame.com.ar\/?product=jeanne-arthes-acqua-edt-x100ml-x-100-ml","title":{"rendered":"JEANNE ARTHES &#8211; ACQUA EDT 100 ML"},"content":{"rendered":"<p>Eau de toilette para hombres, arom\u00e1tico y acu\u00e1tico<br \/>\nAcqua es la fragancia acu\u00e1tica que es el reflejo olfativo de este mar tan simb\u00f3lico &#8220;en el medio de la tierra&#8221;: el mar Mediterr\u00e1neo.<br \/>\nUn homenaje a este mar tranquilo y ondulante arrastrado por el Mistral, un viento provenzal.<\/p>\n<p>Acqua contiene aromas marinos y arom\u00e1ticos de pino, cipr\u00e9s y lavanda que se pueden inhalar cerca de las costas.<\/p>\n","protected":false},"excerpt":{"rendered":"<p>Eau de toilette para hombres, arom\u00e1tico y acu\u00e1tico Acqua es la fragancia acu\u00e1tica que es el reflejo olfativo de este&#8230;<\/p>\n","protected":false},"featured_media":7452,"comment_status":"open","ping_status":"closed","template":"","meta":[],"product_brand":[1417],"product_cat":[],"product_tag":[],"class_list":{"0":"post-6533","1":"product","2":"type-product","3":"status-publish","4":"has-post-thumbnail","6":"product_brand-jeanne-arthes","8":"first","9":"instock","10":"shipping-taxable","11":"purchasable","12":"product-type-simple"},"_links":{"self":[{"href":"https:\/\/parisparis.movilizame.com.ar\/index.php?rest_route=\/wp\/v2\/product\/6533","targetHints":{"allow":["GET"]}}],"collection":[{"href":"https:\/\/parisparis.movilizame.com.ar\/index.php?rest_route=\/wp\/v2\/product"}],"about":[{"href":"https:\/\/parisparis.movilizame.com.ar\/index.php?rest_route=\/wp\/v2\/types\/product"}],"replies":[{"embeddable":true,"href":"https:\/\/parisparis.movilizame.com.ar\/index.php?rest_route=%2Fwp%2Fv2%2Fcomments&post=6533"}],"wp:featuredmedia":[{"embeddable":true,"href":"https:\/\/parisparis.movilizame.com.ar\/index.php?rest_route=\/wp\/v2\/media\/7452"}],"wp:attachment":[{"href":"https:\/\/parisparis.movilizame.com.ar\/index.php?rest_route=%2Fwp%2Fv2%2Fmedia&parent=6533"}],"wp:term":[{"taxonomy":"product_brand","embeddable":true,"href":"https:\/\/parisparis.movilizame.com.ar\/index.php?rest_route=%2Fwp%2Fv2%2Fproduct_brand&post=6533"},{"taxonomy":"product_cat","embeddable":true,"href":"https:\/\/parisparis.movilizame.com.ar\/index.php?rest_route=%2Fwp%2Fv2%2Fproduct_cat&post=6533"},{"taxonomy":"product_tag","embeddable":true,"href":"https:\/\/parisparis.movilizame.com.ar\/index.php?rest_route=%2Fwp%2Fv2%2Fproduct_tag&post=6533"}],"curies":[{"name":"wp","href":"https:\/\/api.w.org\/{rel}","templated":true}]}}