{"id":6531,"date":"2020-06-14T03:16:58","date_gmt":"2020-06-14T06:16:58","guid":{"rendered":"http:\/\/wp-paris-paris.test\/?product=jeanne-arthes-boum-pour-femme-edp-x-100-ml"},"modified":"2025-11-18T11:29:05","modified_gmt":"2025-11-18T14:29:05","slug":"jeanne-arthes-boum-pour-femme-edp-x-100-ml","status":"publish","type":"product","link":"https:\/\/parisparis.movilizame.com.ar\/?product=jeanne-arthes-boum-pour-femme-edp-x-100-ml","title":{"rendered":"JEANNE ARTHES &#8211; BOUM POUR FEMME EDP 100 ML"},"content":{"rendered":"<p>BOUM POUR FEMME de Jeanne Arthes Paris,\u00a0es una fragancia de la familia olfativa floral frutal para mujeres.<\/p>\n<p>&nbsp;<\/p>\n<p>Notas de salida: ca\u00f1a de az\u00facar, fresa, t\u00e9 negro<\/p>\n<p>Notas de coraz\u00f3n: peon\u00eda, violeta, frambuesa, rosa<\/p>\n<p>Notas de fondo: s\u00e1ndalo, \u00e1mbar, cedro, almizcle blanco<\/p>\n","protected":false},"excerpt":{"rendered":"<p>BOUM POUR FEMME de Jeanne Arthes Paris,\u00a0es una fragancia de la familia olfativa floral frutal para mujeres. &nbsp; Notas de&#8230;<\/p>\n","protected":false},"featured_media":7451,"comment_status":"open","ping_status":"closed","template":"","meta":[],"product_brand":[1417],"product_cat":[],"product_tag":[],"class_list":{"0":"post-6531","1":"product","2":"type-product","3":"status-publish","4":"has-post-thumbnail","6":"product_brand-jeanne-arthes","8":"first","9":"instock","10":"shipping-taxable","11":"purchasable","12":"product-type-simple"},"_links":{"self":[{"href":"https:\/\/parisparis.movilizame.com.ar\/index.php?rest_route=\/wp\/v2\/product\/6531","targetHints":{"allow":["GET"]}}],"collection":[{"href":"https:\/\/parisparis.movilizame.com.ar\/index.php?rest_route=\/wp\/v2\/product"}],"about":[{"href":"https:\/\/parisparis.movilizame.com.ar\/index.php?rest_route=\/wp\/v2\/types\/product"}],"replies":[{"embeddable":true,"href":"https:\/\/parisparis.movilizame.com.ar\/index.php?rest_route=%2Fwp%2Fv2%2Fcomments&post=6531"}],"wp:featuredmedia":[{"embeddable":true,"href":"https:\/\/parisparis.movilizame.com.ar\/index.php?rest_route=\/wp\/v2\/media\/7451"}],"wp:attachment":[{"href":"https:\/\/parisparis.movilizame.com.ar\/index.php?rest_route=%2Fwp%2Fv2%2Fmedia&parent=6531"}],"wp:term":[{"taxonomy":"product_brand","embeddable":true,"href":"https:\/\/parisparis.movilizame.com.ar\/index.php?rest_route=%2Fwp%2Fv2%2Fproduct_brand&post=6531"},{"taxonomy":"product_cat","embeddable":true,"href":"https:\/\/parisparis.movilizame.com.ar\/index.php?rest_route=%2Fwp%2Fv2%2Fproduct_cat&post=6531"},{"taxonomy":"product_tag","embeddable":true,"href":"https:\/\/parisparis.movilizame.com.ar\/index.php?rest_route=%2Fwp%2Fv2%2Fproduct_tag&post=6531"}],"curies":[{"name":"wp","href":"https:\/\/api.w.org\/{rel}","templated":true}]}}