{"id":6526,"date":"2020-06-12T01:46:12","date_gmt":"2020-06-12T04:46:12","guid":{"rendered":"http:\/\/wp-paris-paris.test\/?product=boum-metal-edt-x-100-ml-x-100-ml"},"modified":"2025-11-18T17:15:22","modified_gmt":"2025-11-18T20:15:22","slug":"boum-metal-edt-x-100-ml-x-100-ml","status":"publish","type":"product","link":"https:\/\/parisparis.movilizame.com.ar\/?product=boum-metal-edt-x-100-ml-x-100-ml","title":{"rendered":"JEANNE ARTHES &#8211; BOUM METAL EDT 100 ML"},"content":{"rendered":"<p>Por altas que sean tus metas, ninguna de ellas te ser\u00e1 inalcanzable. El eau de toilette para hombre Jeanne Arthes Boum Metal contiene una gran dosis de determinaci\u00f3n. Tan solo unas gotas sobre tu piel te infundir\u00e1n el coraje necesario para dar otro paso m\u00e1s para hacer realidad tus sue\u00f1os.<\/p>\n<p>&nbsp;<\/p>\n<p>Notas de cabeza: pimienta rosada, p\u00e9talo de violeta<\/p>\n<p>Notas de coraz\u00f3n: cardamomo, salvia<\/p>\n<p>.Notas de fondo: vainilla, madera de cedro<\/p>\n","protected":false},"excerpt":{"rendered":"<p>Por altas que sean tus metas, ninguna de ellas te ser\u00e1 inalcanzable. El eau de toilette para hombre Jeanne Arthes&#8230;<\/p>\n","protected":false},"featured_media":8421,"comment_status":"open","ping_status":"closed","template":"","meta":[],"product_brand":[1417],"product_cat":[],"product_tag":[],"class_list":{"0":"post-6526","1":"product","2":"type-product","3":"status-publish","4":"has-post-thumbnail","6":"product_brand-jeanne-arthes","8":"first","9":"instock","10":"shipping-taxable","11":"purchasable","12":"product-type-simple"},"_links":{"self":[{"href":"https:\/\/parisparis.movilizame.com.ar\/index.php?rest_route=\/wp\/v2\/product\/6526","targetHints":{"allow":["GET"]}}],"collection":[{"href":"https:\/\/parisparis.movilizame.com.ar\/index.php?rest_route=\/wp\/v2\/product"}],"about":[{"href":"https:\/\/parisparis.movilizame.com.ar\/index.php?rest_route=\/wp\/v2\/types\/product"}],"replies":[{"embeddable":true,"href":"https:\/\/parisparis.movilizame.com.ar\/index.php?rest_route=%2Fwp%2Fv2%2Fcomments&post=6526"}],"wp:featuredmedia":[{"embeddable":true,"href":"https:\/\/parisparis.movilizame.com.ar\/index.php?rest_route=\/wp\/v2\/media\/8421"}],"wp:attachment":[{"href":"https:\/\/parisparis.movilizame.com.ar\/index.php?rest_route=%2Fwp%2Fv2%2Fmedia&parent=6526"}],"wp:term":[{"taxonomy":"product_brand","embeddable":true,"href":"https:\/\/parisparis.movilizame.com.ar\/index.php?rest_route=%2Fwp%2Fv2%2Fproduct_brand&post=6526"},{"taxonomy":"product_cat","embeddable":true,"href":"https:\/\/parisparis.movilizame.com.ar\/index.php?rest_route=%2Fwp%2Fv2%2Fproduct_cat&post=6526"},{"taxonomy":"product_tag","embeddable":true,"href":"https:\/\/parisparis.movilizame.com.ar\/index.php?rest_route=%2Fwp%2Fv2%2Fproduct_tag&post=6526"}],"curies":[{"name":"wp","href":"https:\/\/api.w.org\/{rel}","templated":true}]}}