{"id":1464,"date":"2025-08-15T09:54:10","date_gmt":"2025-08-15T12:54:10","guid":{"rendered":"http:\/\/wp-paris-paris.test\/?page_id=1464"},"modified":"2025-08-15T09:54:10","modified_gmt":"2025-08-15T12:54:10","slug":"preguntas-frecuentes","status":"publish","type":"page","link":"https:\/\/parisparis.movilizame.com.ar\/?page_id=1464","title":{"rendered":"Preguntas frecuentes"},"content":{"rendered":"<h4><strong>\u00bfCu\u00e1l es el monto de la compra m\u00ednima?<\/strong><\/h4>\n<p>SOLO PUEDES USAR LA P\u00c1GINA PARA CONOCER NUESTROS PRODUCTOS Y PRECIOS, podes realizar tu compra por WhatsApp.<\/p>\n<h4><strong>\u00bfCu\u00e1les son los d\u00edas y horarios de atenci\u00f3n?<\/strong><\/h4>\n<p>Nuestros horarios de atenci\u00f3n:<\/p>\n<p>Lunes a S\u00e1bados de 9:00&nbsp;a 13.00 hs y de 16:00 a 20:00 hs.<\/p>\n<p>Domingos de 10:30 a 13:00 hs<\/p>\n<h4><strong>\u00bfDonde est\u00e1n ubicados?<\/strong><\/h4>\n<p>Estamos en el coraz\u00f3n de Funes, a 150 mts de la ruta 9 por calle Angelom\u00e9 al 1948.<\/p>\n<h4><strong>\u00bfC\u00f3mo puedo pagar mi compra?<\/strong><\/h4>\n<p>Cdo\/Efo -Tarjetas de Cr\u00e9dito y D\u00e9bito &#8211;&nbsp;&nbsp;Transferencia &#8211; Mercado Pago<\/p>\n<h4><strong>\u00bfRealizan env\u00edos a domicilio?<\/strong><\/h4>\n<p>Si, realizamos env\u00edos a partir de $30.000 (consulte costos)<\/p>\n","protected":false},"excerpt":{"rendered":"<p>\u00bfCu\u00e1l es el monto de la compra m\u00ednima? SOLO PUEDES USAR LA P\u00c1GINA PARA CONOCER NUESTROS PRODUCTOS Y PRECIOS, podes&#8230;<\/p>\n","protected":false},"author":1,"featured_media":0,"parent":0,"menu_order":0,"comment_status":"closed","ping_status":"closed","template":"","meta":{"footnotes":""},"class_list":["post-1464","page","type-page","status-publish","hentry"],"_links":{"self":[{"href":"https:\/\/parisparis.movilizame.com.ar\/index.php?rest_route=\/wp\/v2\/pages\/1464","targetHints":{"allow":["GET"]}}],"collection":[{"href":"https:\/\/parisparis.movilizame.com.ar\/index.php?rest_route=\/wp\/v2\/pages"}],"about":[{"href":"https:\/\/parisparis.movilizame.com.ar\/index.php?rest_route=\/wp\/v2\/types\/page"}],"author":[{"embeddable":true,"href":"https:\/\/parisparis.movilizame.com.ar\/index.php?rest_route=\/wp\/v2\/users\/1"}],"replies":[{"embeddable":true,"href":"https:\/\/parisparis.movilizame.com.ar\/index.php?rest_route=%2Fwp%2Fv2%2Fcomments&post=1464"}],"version-history":[{"count":1,"href":"https:\/\/parisparis.movilizame.com.ar\/index.php?rest_route=\/wp\/v2\/pages\/1464\/revisions"}],"predecessor-version":[{"id":1465,"href":"https:\/\/parisparis.movilizame.com.ar\/index.php?rest_route=\/wp\/v2\/pages\/1464\/revisions\/1465"}],"wp:attachment":[{"href":"https:\/\/parisparis.movilizame.com.ar\/index.php?rest_route=%2Fwp%2Fv2%2Fmedia&parent=1464"}],"curies":[{"name":"wp","href":"https:\/\/api.w.org\/{rel}","templated":true}]}}