{"id":1456,"date":"2025-08-15T09:49:23","date_gmt":"2025-08-15T12:49:23","guid":{"rendered":"http:\/\/wp-paris-paris.test\/?page_id=1456"},"modified":"2026-03-11T12:28:06","modified_gmt":"2026-03-11T15:28:06","slug":"sobre-nosotros","status":"publish","type":"page","link":"https:\/\/parisparis.movilizame.com.ar\/?page_id=1456","title":{"rendered":"Sobre nosotros"},"content":{"rendered":"<p>En el a\u00f1o <strong>2011<\/strong> abrimos nuestras puertas en el coraz\u00f3n de la ciudad de <em><strong>Funes<\/strong><\/em>.<\/p>\n<p>Somos una perfumer\u00eda dedicada a la venta de fragancias importadas y nacionales, tratamientos para el rostro y cuerpo, maquillajes, productos capilares, accesorios y m\u00e1s&#8230; Brindamos cursos de maquillajes y de est\u00e9tica, entre otros, en el segundo nivel de nuestro maravilloso local. Trabajamos las marcas m\u00e1s importantes del mercado, en un espacio innovador, donde la satisfacci\u00f3n de nuestros clientes es nuestra meta principal.<\/p>\n<p>Somos una empresa diferente dise\u00f1ada para vos.<\/p>\n<p><em><strong>Par\u00eds Par\u00eds una gran Perfumer\u00eda, para una gran ciudad&#8230;<\/strong><\/em><\/p>\n","protected":false},"excerpt":{"rendered":"<p>En el a\u00f1o 2011 abrimos nuestras puertas en el coraz\u00f3n de la ciudad de Funes. Somos una perfumer\u00eda dedicada a&#8230;<\/p>\n","protected":false},"author":1,"featured_media":0,"parent":0,"menu_order":0,"comment_status":"closed","ping_status":"closed","template":"","meta":{"footnotes":""},"class_list":["post-1456","page","type-page","status-publish","hentry"],"_links":{"self":[{"href":"https:\/\/parisparis.movilizame.com.ar\/index.php?rest_route=\/wp\/v2\/pages\/1456","targetHints":{"allow":["GET"]}}],"collection":[{"href":"https:\/\/parisparis.movilizame.com.ar\/index.php?rest_route=\/wp\/v2\/pages"}],"about":[{"href":"https:\/\/parisparis.movilizame.com.ar\/index.php?rest_route=\/wp\/v2\/types\/page"}],"author":[{"embeddable":true,"href":"https:\/\/parisparis.movilizame.com.ar\/index.php?rest_route=\/wp\/v2\/users\/1"}],"replies":[{"embeddable":true,"href":"https:\/\/parisparis.movilizame.com.ar\/index.php?rest_route=%2Fwp%2Fv2%2Fcomments&post=1456"}],"version-history":[{"count":4,"href":"https:\/\/parisparis.movilizame.com.ar\/index.php?rest_route=\/wp\/v2\/pages\/1456\/revisions"}],"predecessor-version":[{"id":8798,"href":"https:\/\/parisparis.movilizame.com.ar\/index.php?rest_route=\/wp\/v2\/pages\/1456\/revisions\/8798"}],"wp:attachment":[{"href":"https:\/\/parisparis.movilizame.com.ar\/index.php?rest_route=%2Fwp%2Fv2%2Fmedia&parent=1456"}],"curies":[{"name":"wp","href":"https:\/\/api.w.org\/{rel}","templated":true}]}}